{"id":676,"date":"2016-06-28T10:03:46","date_gmt":"2016-06-28T13:03:46","guid":{"rendered":"http:\/\/niteroiense.org.br\/novosite\/cursos\/curso-basico-de-escalada\/"},"modified":"2024-06-24T05:17:55","modified_gmt":"2024-06-24T08:17:55","slug":"curso-basico-de-escalada","status":"publish","type":"page","link":"https:\/\/www.niteroiense.org.br\/2025\/cursos\/curso-basico-de-escalada\/","title":{"rendered":"Curso B\u00e1sico de Escalada"},"content":{"rendered":"[vc_row][vc_column][vc_column_text]\n<h2><strong>O Curso<\/strong><\/h2>\n<p>O CNM oferece o <strong>Curso B\u00e1sico de Escalada (CBE)<\/strong>, que consiste na capacita\u00e7\u00e3o do aluno em ser um participante de escalada, ensinando as t\u00e9cnicas b\u00e1sicas necess\u00e1rias para que o praticante possa escalar com seguran\u00e7a, conhecimento e \u00e9tica.<br \/>\n<img decoding=\"async\" class=\"alignnone wp-image-30046\" src=\"https:\/\/www.niteroiense.org.br\/2025\/wp-content\/uploads\/2024\/05\/log-feemerj_curso_homologado-340x340.png\" alt=\"\" width=\"150\" height=\"153\" srcset=\"https:\/\/www.niteroiense.org.br\/2025\/wp-content\/uploads\/2024\/05\/log-feemerj_curso_homologado-782x800.png 782w, https:\/\/www.niteroiense.org.br\/2025\/wp-content\/uploads\/2024\/05\/log-feemerj_curso_homologado-768x786.png 768w, https:\/\/www.niteroiense.org.br\/2025\/wp-content\/uploads\/2024\/05\/log-feemerj_curso_homologado-624x638.png 624w, https:\/\/www.niteroiense.org.br\/2025\/wp-content\/uploads\/2024\/05\/log-feemerj_curso_homologado-510x522.png 510w, https:\/\/www.niteroiense.org.br\/2025\/wp-content\/uploads\/2024\/05\/log-feemerj_curso_homologado.png 832w\" sizes=\"(max-width: 150px) 100vw, 150px\" \/><br \/>\nAs aulas ir\u00e3o abranger os seguintes t\u00f3picos: Escalada livre, rapel e outras t\u00e9cnicas de ascens\u00e3o, equipamentos de escalada, n\u00f3s, montanhismo, \u00e9tica na montanha, modalidades de escalada e gradua\u00e7\u00e3o, Meio Ambiente, preven\u00e7\u00e3o de acidentes (Animais Pe\u00e7onhentos, Meteorologia, Primeiros Socorros) e nutri\u00e7\u00e3o.<\/p>\n<p>O nosso CBE tem certifica\u00e7\u00e3o pela Federa\u00e7\u00e3o de Esportes de Montanha do Estado do Rio de Janeiro, cumprindo todos os requisitos necess\u00e1rios exigidos.<\/p>\n<p><strong>Programa\u00e7\u00e3o<\/strong><\/p>\n<p>O CBE consiste em 20 aulas, das quais 8 s\u00e3o pr\u00e1ticas e ocorrem aos finais de semana, enquanto que 12 s\u00e3o te\u00f3ricas e acontecem durante a semana na sede do clube, no hor\u00e1rio da noite (19:00 \u00e0s 21:30).<\/p>\n<p>Cada turma ter\u00e1 um calend\u00e1rio pr\u00e9-estabelecido, mas suas datas podem ser alteradas em fun\u00e7\u00e3o da previs\u00e3o do tempo ou de alguma condi\u00e7\u00e3o que inviabilize a execu\u00e7\u00e3o da aula.<\/p>\n<p>As aulas ocorrem em majoritariamente em Niter\u00f3i, as demais aulas ocorrem na cidade do Rio de Janeiro.<\/p>\n<p>O curso tem dura\u00e7\u00e3o de 1 a 2 meses, conforme calend\u00e1rio.<br \/>\nPr\u00f3xima turma: <strong>05\/07\/2024<\/strong><\/p>\n<p>O aluno dever\u00e1 ter disposi\u00e7\u00e3o de data para todas as aulas do calend\u00e1rio. Informa\u00e7\u00f5es a respeito de faltas e custos de aulas de reposi\u00e7\u00e3o encontram-se na ficha de inscri\u00e7\u00e3o dispon\u00edvel no t\u00edtulo &#8220;Inscri\u00e7\u00f5es&#8221; desta p\u00e1gina.<\/p>\n<h2><strong>Custo*<\/strong><\/h2>\n<p>O curso tem as seguintes op\u00e7\u00f5es de custo:<br \/>\n1 \u2013 R$ 1.140,00 \u2013 N\u00e3o associado, com o empr\u00e9stimo de material; <a href=\"https:\/\/www.niteroiense.org.br\/2025\/produto\/curso-basico-de-escalada-2024\/\">Clique aqui<\/a><br \/>\n2 \u2013 R$ 1.040,00 \u2013 N\u00e3o associado, sem o empr\u00e9stimo do material; <a href=\"https:\/\/www.niteroiense.org.br\/2025\/produto\/curso-basico-de-escalada-sem-emprestimo-de-material\/\">Clique aqui<\/a><br \/>\n3 \u2013 R$ 990,00 \u2013 Associado, com empr\u00e9stimo de material. <a href=\"https:\/\/www.niteroiense.org.br\/2025\/produto\/curso-basico-de-escalada-associado\/\">Clique aqui<\/a><br \/>\n4 \u2013 R$ 890,00 \u2013 Associado, sem empr\u00e9stimo de material. <a href=\"https:\/\/www.niteroiense.org.br\/2025\/produto\/curso-basico-de-escalada-associado-sem-emprestimo-de-equipamento\/\">Clique aqui<\/a><\/p>\n<p>Forma de Pagamento: Estes valores s\u00e3o para o pagamento a vista ou podem ser parcelados de acordo com o PagSeguros (com juros).<\/p>\n<p>A confirma\u00e7\u00e3o da reserva da sua vaga ser\u00e1 feita mediante o pagamento do curso no site.<br \/>\nMas se por um acaso, voc\u00ea tenha feito o pagamento da reserva e o curso n\u00e3o possa ocorrer, devolveremos imediatamente e integralmente o que foi pago.<\/p>\n<p><em><strong>* VALORES SER\u00c3O ATUALIZADOS PARA EDI\u00c7\u00c3O DE 2025<\/strong><\/em><\/p>\n<h2><strong>Vagas<\/strong><\/h2>\n<p>A turma ter\u00e1 um m\u00ednimo de 4 e m\u00e1ximo de 8 alunos.<\/p>\n<h2><strong>Pacote<\/strong><\/h2>\n<p>Ao se inscrever no curso, al\u00e9m das aulas, o aluno ter\u00e1 direito a:<\/p>\n<p>1 &#8211; Uma semestralidade de associado do CNM;<br \/>\n2 &#8211; Uma unidade do livro Escale Melhor e com Mais Seguran\u00e7a;<br \/>\n3 &#8211; Empr\u00e9stimo de kit b\u00e1sico para as aulas de escalada (Capacete, cadeirinha, mosquet\u00f5es, cordeletes, fitas e freio atc), EXCETO sapatilha. Este item 3 se aplica \u00e0queles que optarem pelo valor do curso com o empr\u00e9stimo de material conforme descrito acima no t\u00edtulo &#8220;Custo&#8221;.<br \/>\n4 &#8211; Camisa do curso<\/p>\n<p>OBS: O(A) aluno(a) dever\u00e1 adquirir a sapatilha antes do in\u00edcio das aulas pr\u00e1ticas de escalada. Recomenda-se que antes do in\u00edcio do curso o(a) aluno(a) compare\u00e7a a alguma reuni\u00e3o social do clube a fim de ser orientado(a) a respeito da sapatilha.<\/p>\n<p>Ao final do curso, o aluno, caso esteja apto, recebe um certificado de conclus\u00e3o do CBE.<\/p>\n<h2><strong>Pr\u00e9-requisitos<\/strong><\/h2>\n<p>Qualquer pessoa que tenha condi\u00e7\u00f5es f\u00edsicas para a pr\u00e1tica de esportes est\u00e1 habilitada para fazer o\u00a0curso e n\u00e3o \u00e9 preciso ser membro do clube para participar.<\/p>\n<p>A idade m\u00ednima para participar do curso \u00e9 de 18 anos.<\/p>\n<h2><strong>Instrutores<\/strong><\/h2>\n<p>Os instrutores do CBE s\u00e3o formados pelo corpo de guia de escalada do CNM, de forma volunt\u00e1ria, que possuem forma\u00e7\u00e3o e experi\u00eancia suficientes para promover a atividade com a qualidade e seguran\u00e7a exigidas.<\/p>\n<h2><strong>Pr\u00f3xima Turma: 05\/07\/2024<br \/>\n<\/strong><\/h2>\n<p>O cronograma da pr\u00f3xima turma poder\u00e1 ser revisado.<\/p>\n<p>&nbsp;<\/p>\n<p>OBS: O aluno dever\u00e1 se organizar de forma a estar dispon\u00edvel para fazer as aulas em todas as datas do calend\u00e1rio.<\/p>\n<p>OBS2: Nas aulas pr\u00e1ticas em vias de escalada (Escalada 4, 5 e final), os alunos far\u00e3o as aulas ou no s\u00e1bado ou no domingo, de acordo com crit\u00e9rios estabelecidos pela coordena\u00e7\u00e3o.<\/p>\n<h2><strong>Inscri\u00e7\u00f5es:<\/strong><\/h2>\n<p>Para realizar sua inscri\u00e7\u00e3o o aluno dever\u00e1 realizar a compra do curso na loja do CNM e ap\u00f3s a confirma\u00e7\u00e3o do pagamento dever\u00e1 preencher a ficha de inscri\u00e7\u00e3o e o termo de conhecimento de riscos da atividade. A ficha de inscri\u00e7\u00e3o, o termo de conhecimento de riscos e um atestado m\u00e9dico lhe liberando para a pr\u00e1tica de atividades f\u00edsicas dever\u00e3o ser entregues na sede do clube at\u00e9 o in\u00edcio das aulas.<\/p>\n<p>OBS:\u00a0<span style=\"font-size: 1rem;\">Antes de realizar a compra leia atentamente a ficha de inscri\u00e7\u00e3o, que cont\u00e9m disposi\u00e7\u00f5es gerais a respeito do curso, pol\u00edtica de cancelamento etc.<\/span><\/p>\n<p>1) Link do curso na loja do CNM :\u00a0<a href=\"https:\/\/www.niteroiense.org.br\/2025\/produto\/curso-basico-de-escalada\/\">https:\/\/www.niteroiense.org.br\/2025\/produto\/curso-basico-de-escalada\/<\/a><\/p>\n<p>2) Ficha de Inscri\u00e7\u00e3o:\u00a0<a href=\"https:\/\/www.niteroiense.org.br\/2025\/wp-content\/uploads\/2018\/12\/ficha-inscicao-cbe-2019.doc\">Ficha Inscricao CBE<\/a><\/p>\n<p>3) Termo de conhecimento de riscos:\u00a0<a href=\"https:\/\/www.niteroiense.org.br\/2025\/wp-content\/uploads\/2018\/01\/termo-de-responsabilidade-de-risco-cnm.docx\">Termo de Responsabilidade de Risco CNM<\/a><\/p>\n<p>&nbsp;<\/p>\n<h2><strong>Lista de Espera<\/strong><\/h2>\n<p>Clique abaixo para se cadastrar na lista de espera a fim de ser avisado quando da abertura de novas turmas ou em outros cursos.<\/p>\n<h3><strong><a href=\"https:\/\/forms.gle\/qZGtiCiz1WwfKeuC6\">Lista de Espera dos Cursos<\/a><\/strong><\/h3>\n\n    <div class=\"xs_social_share_widget xs_share_url after_content \t\tmain_content  wslu-style-1 wslu-share-box-shaped wslu-fill-colored wslu-none wslu-share-horizontal wslu-theme-font-no wslu-main_content\">\n\n\t\t\n        <ul>\n\t\t\t        <\/ul>\n    <\/div> \n","protected":false},"excerpt":{"rendered":"<p>[vc_row][vc_column][vc_column_text] O Curso O CNM oferece o Curso B\u00e1sico de Escalada (CBE), que consiste na capacita\u00e7\u00e3o do aluno em ser um participante de escalada, ensinando as t\u00e9cnicas b\u00e1sicas necess\u00e1rias para que o praticante possa escalar com seguran\u00e7a, conhecimento e \u00e9tica. As aulas ir\u00e3o abranger os seguintes t\u00f3picos: Escalada livre, rapel e outras t\u00e9cnicas de ascens\u00e3o, equipamentos de escalada, n\u00f3s, montanhismo, \u00e9tica na montanha, modalidades de escalada e gradua\u00e7\u00e3o, Meio Ambiente, preven\u00e7\u00e3o de acidentes (Animais Pe\u00e7onhentos, Meteorologia, Primeiros Socorros) e nutri\u00e7\u00e3o. O nosso CBE tem certifica\u00e7\u00e3o pela Federa\u00e7\u00e3o de Esportes de Montanha do Estado do Rio de Janeiro, cumprindo todos os requisitos necess\u00e1rios exigidos. Programa\u00e7\u00e3o O CBE consiste em 20 aulas, das quais 8 s\u00e3o pr\u00e1ticas e ocorrem aos finais de semana, enquanto que 12 s\u00e3o te\u00f3ricas e acontecem durante a semana na sede do clube, no hor\u00e1rio da noite (19:00 \u00e0s 21:30). Cada turma ter\u00e1 um calend\u00e1rio pr\u00e9-estabelecido, mas suas datas podem ser alteradas em fun\u00e7\u00e3o da previs\u00e3o do tempo ou de alguma condi\u00e7\u00e3o que inviabilize a execu\u00e7\u00e3o da aula. As aulas ocorrem em majoritariamente em Niter\u00f3i, as demais aulas ocorrem na cidade do Rio de Janeiro. O curso tem dura\u00e7\u00e3o de 1 a 2 meses, conforme calend\u00e1rio. Pr\u00f3xima turma: 05\/07\/2024 O aluno dever\u00e1 ter disposi\u00e7\u00e3o de data para todas as aulas do calend\u00e1rio. Informa\u00e7\u00f5es a respeito de faltas e custos de aulas de reposi\u00e7\u00e3o encontram-se na ficha de inscri\u00e7\u00e3o dispon\u00edvel no t\u00edtulo &#8220;Inscri\u00e7\u00f5es&#8221; desta p\u00e1gina. Custo* O curso tem as seguintes op\u00e7\u00f5es de custo: 1 \u2013 R$ 1.140,00 \u2013 N\u00e3o associado, com o empr\u00e9stimo de material; Clique aqui 2 \u2013 R$ 1.040,00 \u2013 N\u00e3o associado, sem o empr\u00e9stimo do material; Clique aqui 3 \u2013 R$ 990,00 \u2013 Associado, com empr\u00e9stimo de material. Clique aqui 4 \u2013 R$ 890,00 \u2013 Associado, sem empr\u00e9stimo de material. Clique aqui Forma de Pagamento: Estes valores s\u00e3o para o pagamento a vista ou podem ser parcelados de acordo com o PagSeguros (com juros). A confirma\u00e7\u00e3o da reserva da sua vaga ser\u00e1 feita mediante o pagamento do curso no site. Mas se por um acaso, voc\u00ea tenha feito o pagamento da reserva e o curso n\u00e3o possa ocorrer, devolveremos imediatamente e integralmente o que foi pago. * VALORES SER\u00c3O ATUALIZADOS PARA EDI\u00c7\u00c3O DE 2025 Vagas A turma ter\u00e1 um m\u00ednimo de 4 e m\u00e1ximo de 8 alunos. Pacote Ao se inscrever no curso, al\u00e9m das aulas, o aluno ter\u00e1 direito a: 1 &#8211; Uma semestralidade de associado do CNM; 2 &#8211; Uma unidade do livro Escale Melhor e com Mais Seguran\u00e7a; 3 &#8211; Empr\u00e9stimo de kit b\u00e1sico para as aulas de escalada (Capacete, cadeirinha, mosquet\u00f5es, cordeletes, fitas e freio atc), EXCETO sapatilha. Este item 3 se aplica \u00e0queles que optarem pelo valor do curso com o empr\u00e9stimo de material conforme descrito acima no t\u00edtulo &#8220;Custo&#8221;. 4 &#8211; Camisa do curso OBS: O(A) aluno(a) dever\u00e1 adquirir a sapatilha antes do in\u00edcio das aulas pr\u00e1ticas de escalada. Recomenda-se que antes do in\u00edcio do curso o(a) aluno(a) compare\u00e7a a alguma reuni\u00e3o social do clube a fim de ser orientado(a) a respeito da sapatilha. Ao final do curso, o aluno, caso esteja apto, recebe um certificado de conclus\u00e3o do CBE. Pr\u00e9-requisitos Qualquer pessoa que tenha condi\u00e7\u00f5es f\u00edsicas para a pr\u00e1tica de esportes est\u00e1 habilitada para fazer o\u00a0curso e n\u00e3o \u00e9 preciso ser membro do clube para participar. A idade m\u00ednima para participar do curso \u00e9 de 18 anos. Instrutores Os instrutores do CBE s\u00e3o formados pelo corpo de guia de escalada do CNM, de forma volunt\u00e1ria, que possuem forma\u00e7\u00e3o e experi\u00eancia suficientes para promover a atividade com a qualidade e seguran\u00e7a exigidas. Pr\u00f3xima Turma: 05\/07\/2024 O cronograma da pr\u00f3xima turma poder\u00e1 ser revisado. &nbsp; OBS: O aluno dever\u00e1 se organizar de forma a estar dispon\u00edvel para fazer as aulas em todas as datas do calend\u00e1rio. OBS2: Nas aulas pr\u00e1ticas em vias de escalada (Escalada 4, 5 e final), os alunos far\u00e3o as aulas ou no s\u00e1bado ou no domingo, de acordo com crit\u00e9rios estabelecidos pela coordena\u00e7\u00e3o. Inscri\u00e7\u00f5es: Para realizar sua inscri\u00e7\u00e3o o aluno dever\u00e1 realizar a compra do curso na loja do CNM e ap\u00f3s a confirma\u00e7\u00e3o do pagamento dever\u00e1 preencher a ficha de inscri\u00e7\u00e3o e o termo de conhecimento de riscos da atividade. A ficha de inscri\u00e7\u00e3o, o termo de conhecimento de riscos e um atestado m\u00e9dico lhe liberando para a pr\u00e1tica de atividades f\u00edsicas dever\u00e3o ser entregues na sede do clube at\u00e9 o in\u00edcio das aulas. OBS:\u00a0Antes de realizar a compra leia atentamente a ficha de inscri\u00e7\u00e3o, que cont\u00e9m disposi\u00e7\u00f5es gerais a respeito do curso, pol\u00edtica de cancelamento etc. 1) Link do curso na loja do CNM :\u00a0https:\/\/www.niteroiense.org.br\/2025\/produto\/curso-basico-de-escalada\/ 2) Ficha de Inscri\u00e7\u00e3o:\u00a0Ficha Inscricao CBE 3) Termo de conhecimento de riscos:\u00a0Termo de Responsabilidade de Risco CNM &nbsp; Lista de Espera Clique abaixo para se cadastrar na lista de espera a fim de ser avisado quando da abertura de novas turmas ou em outros cursos. Lista de Espera dos Cursos<\/p>\n","protected":false},"author":116,"featured_media":0,"parent":669,"menu_order":23,"comment_status":"closed","ping_status":"closed","template":"page-right-sidebar.php","meta":{"_eb_attr":"","postBodyCss":"","postBodyMargin":[],"postBodyPadding":[],"postBodyBackground":{"backgroundType":"classic","gradient":""},"footnotes":""},"class_list":["post-676","page","type-page","status-publish","hentry"],"_links":{"self":[{"href":"https:\/\/www.niteroiense.org.br\/2025\/wp-json\/wp\/v2\/pages\/676","targetHints":{"allow":["GET"]}}],"collection":[{"href":"https:\/\/www.niteroiense.org.br\/2025\/wp-json\/wp\/v2\/pages"}],"about":[{"href":"https:\/\/www.niteroiense.org.br\/2025\/wp-json\/wp\/v2\/types\/page"}],"author":[{"embeddable":true,"href":"https:\/\/www.niteroiense.org.br\/2025\/wp-json\/wp\/v2\/users\/116"}],"replies":[{"embeddable":true,"href":"https:\/\/www.niteroiense.org.br\/2025\/wp-json\/wp\/v2\/comments?post=676"}],"version-history":[{"count":56,"href":"https:\/\/www.niteroiense.org.br\/2025\/wp-json\/wp\/v2\/pages\/676\/revisions"}],"predecessor-version":[{"id":30161,"href":"https:\/\/www.niteroiense.org.br\/2025\/wp-json\/wp\/v2\/pages\/676\/revisions\/30161"}],"up":[{"embeddable":true,"href":"https:\/\/www.niteroiense.org.br\/2025\/wp-json\/wp\/v2\/pages\/669"}],"wp:attachment":[{"href":"https:\/\/www.niteroiense.org.br\/2025\/wp-json\/wp\/v2\/media?parent=676"}],"curies":[{"name":"wp","href":"https:\/\/api.w.org\/{rel}","templated":true}]}}