{"id":671,"date":"2016-06-28T10:03:46","date_gmt":"2016-06-28T13:03:46","guid":{"rendered":"http:\/\/niteroiense.org.br\/novosite\/programa-de-relacionamento\/programa-cnmais-vantagem\/"},"modified":"2024-02-12T21:53:28","modified_gmt":"2024-02-13T00:53:28","slug":"programa-cnmais-vantagem","status":"publish","type":"page","link":"https:\/\/www.niteroiense.org.br\/2025\/programa-de-relacionamento\/programa-cnmais-vantagem\/","title":{"rendered":"Programa CNMais Vantagem"},"content":{"rendered":"[vc_row][vc_column][vc_column_text]\n<h2 style=\"text-align: justify;\">O que \u00e9?<\/h2>\n<p style=\"text-align: justify;\">O\u00a0<strong>CNMais Vantagem<\/strong>\u00a0\u00e9 um programa de descontos e\u00a0benef\u00edcios para s\u00f3cios do clube. S\u00e3o lojas especializadas\u00a0em artigos esportivos, descontos em parques, e muito\u00a0mais.<\/p>\n<h2 style=\"text-align: justify;\">Como Utilizar?<\/h2>\n<p style=\"text-align: justify;\">Depende do desconto ou benef\u00edcio que estar\u00e1 utilizando. Em alguns casos basta se identificar como membro do CNM e solicitar a vantagem, mas ter\u00e3o casos que pode ser necess\u00e1rio apresentar a carteira social \u00a0do clube com data de validade em dia.<\/p>\n<h2 style=\"text-align: justify;\">Novos Descontos e Benef\u00edcios<\/h2>\n<p style=\"text-align: justify;\">O nosso programa est\u00e1 em constante crescimento. Estamos sempre buscando novas parcerias!<\/p>\n<p style=\"text-align: justify;\">Ajude o nosso programa a crescer! Indique lojas,\u00a0servi\u00e7os e etc.<\/p>\n<p style=\"text-align: justify;\">Juntos construiremos um clube forte! <strong>O CNM SOMOS\u00a0TODOS N\u00d3S!!!!!<\/strong><\/p>\n<h2 style=\"text-align: justify;\">Vantagens Exclusivas do CNM<\/h2>\n[\/vc_column_text][\/vc_column][\/vc_row][vc_row][vc_column width=&#8221;1\/2&#8243;][vc_single_image image=&#8221;1086&#8243; alignment=&#8221;center&#8221; onclick=&#8221;custom_link&#8221; img_link_target=&#8221;_blank&#8221; title=&#8221;Makalu Sports&#8221; link=&#8221;http:\/\/www.makalusports.com.br&#8221;][vc_column_text]Loja de material de montanhismo.<br \/>\nDesconto a partir de 10% nas compras \u00e0\u00a0vista ou no cart\u00e3o de cr\u00e9dito nas lojas Makalu.<br \/>\nObrigat\u00f3ria a apresenta\u00e7\u00e3o da carteirinha.<br \/>\nEndere\u00e7os:<br \/>\nRua Conde de Bonfim, 346, Loja 208, Tijuca, Rio de Janeiro<br \/>\nRua da Alf\u00e2ndega, 112, Centro, Rio de Janeiro[\/vc_column_text][\/vc_column][vc_column width=&#8221;1\/2&#8243;][vc_single_image image=&#8221;1090&#8243; alignment=&#8221;center&#8221; onclick=&#8221;custom_link&#8221; img_link_target=&#8221;_blank&#8221; title=&#8221;Adventura&#8221; link=&#8221;http:\/\/www.adventura.com.br&#8221;][vc_column_text]Loja de material de montanhismo.<br \/>\nDesconto de 10% de desconto nas compras \u00e0\u00a0vista na Loja Adventura.<br \/>\nEndere\u00e7o:<br \/>\nRua 13 de Maio, 47, Sobreloja 102, Centro, Rio de Janeiro.[\/vc_column_text][\/vc_column][\/vc_row][vc_row][vc_column width=&#8221;1\/2&#8243;][vc_gallery interval=&#8221;3&#8243; images=&#8221;29839&#8243;][\/vc_column][vc_column width=&#8221;1\/2&#8243;][\/vc_column][\/vc_row][vc_row][vc_column][vc_column_text]\n<h2 style=\"text-align: justify;\">Vantagens FEMERJ<\/h2>\n<p style=\"text-align: justify;\">Ao ser filiado a FEMERJ, o s\u00f3cios do CNM recebem o direito de usufruir das vantagens obtidas pela nossa Federa\u00e7\u00e3o.<\/p>\n<p>Abaixo seguem alguns exemplos de vantagens, mas a lista completa pode ser obtidas no seguinte <a href=\"http:\/\/www.femerj.org\/associe-se\">link<\/a>.[\/vc_column_text][\/vc_column][\/vc_row][vc_row][vc_column width=&#8221;1\/2&#8243;][vc_single_image image=&#8221;1088&#8243; alignment=&#8221;center&#8221; onclick=&#8221;custom_link&#8221; img_link_target=&#8221;_blank&#8221; title=&#8221;Ref\u00fagio Tr\u00eas Picos&#8221; link=&#8221;http:\/\/www.trespicos.com.br&#8221;][vc_column_text]Hospedagem para montanhista<br \/>\nDesconto de 10% nos pernoites do Ref\u00fagio\u00a0Tr\u00eas Picos.<br \/>\n<a href=\"https:\/\/www.facebook.com\/RefugioTresPicos\" target=\"_blank\" rel=\"noopener\">www.facebook.com\/RefugioTresPicos<\/a><br \/>\n<a href=\"http:\/\/www.trespicos.com.br\" target=\"_blank\" rel=\"noopener\">www.trespicos.com.br<\/a>[\/vc_column_text][\/vc_column][vc_column width=&#8221;1\/2&#8243;][vc_single_image image=&#8221;1085&#8243; alignment=&#8221;center&#8221; onclick=&#8221;custom_link&#8221; img_link_target=&#8221;_blank&#8221; title=&#8221;Camping Quinta da Barra&#8221; link=&#8221;http:\/\/www.campingquintadabarra.com.br&#8221;][vc_column_text]Hospedagem para montanhista.<br \/>\nDesconto de 10% em dinheiro ou no cart\u00e3o de d\u00e9bito nas di\u00e1rias do Camping Quinta da Barra.<br \/>\nEndere\u00e7o:<br \/>\nRua Ant\u00f4nio Maria, 100, Teres\u00f3polis \u2013 RJ<br \/>\n(21) 2643-1050 \/ 9 9943-8392 (Eduardo Cardoso)<br \/>\n<a href=\"http:\/\/www.campingquintadabarra.com.br\" target=\"_blank\" rel=\"noopener\">www.campingquintadabarra.com.br<\/a>[\/vc_column_text][\/vc_column][\/vc_row][vc_row][vc_column width=&#8221;1\/2&#8243;][vc_single_image image=&#8221;1083&#8243; alignment=&#8221;center&#8221; title=&#8221;Bondinho Morro da Urca&#8221;][vc_column_text]Acesso a montanha.<br \/>\nGratuidade na descida do Bondinho do P\u00e3o de A\u00e7\u00facar at\u00e9 a Praia Vermelha em qualquer hor\u00e1rio.<br \/>\nObrigat\u00f3ria a apresenta\u00e7\u00e3o da carteirinha.[\/vc_column_text][\/vc_column][vc_column width=&#8221;1\/2&#8243;][vc_single_image image=&#8221;1087&#8243; alignment=&#8221;center&#8221; onclick=&#8221;custom_link&#8221; img_link_target=&#8221;_blank&#8221; title=&#8221;Parque Nacional Serra dos \u00d3rg\u00e3os&#8221; link=&#8221;http:\/\/www.icmbio.gov.br\/parnaserradosorgaos\/&#8221;][vc_column_text]Acesso a parque nacional.<br \/>\n50% no primeiro dia da Taxa de Trilhas do Parque Nacional da Serra dos Org\u00e3os.<br \/>\nIsen\u00e7\u00e3o de taxas para Guias do Clube cadastrados.<br \/>\nSete vagas permanentes nas \u00e1reas de camping do A\u00e7u e do Sino dispon\u00edveis para clubes do Rio. Verificar disponibilidade com a dire\u00e7\u00e3o do clube.<br \/>\nObrigat\u00f3ria a apresenta\u00e7\u00e3o da carteirinha nas portarias do parque.[\/vc_column_text][\/vc_column][\/vc_row]\n\n    <div class=\"xs_social_share_widget xs_share_url after_content \t\tmain_content  wslu-style-1 wslu-share-box-shaped wslu-fill-colored wslu-none wslu-share-horizontal wslu-theme-font-no wslu-main_content\">\n\n\t\t\n        <ul>\n\t\t\t        <\/ul>\n    <\/div> \n","protected":false},"excerpt":{"rendered":"<p>[vc_row][vc_column][vc_column_text] O que \u00e9? O\u00a0CNMais Vantagem\u00a0\u00e9 um programa de descontos e\u00a0benef\u00edcios para s\u00f3cios do clube. S\u00e3o lojas especializadas\u00a0em artigos esportivos, descontos em parques, e muito\u00a0mais. Como Utilizar? Depende do desconto ou benef\u00edcio que estar\u00e1 utilizando. Em alguns casos basta se identificar como membro do CNM e solicitar a vantagem, mas ter\u00e3o casos que pode ser necess\u00e1rio apresentar a carteira social \u00a0do clube com data de validade em dia. Novos Descontos e Benef\u00edcios O nosso programa est\u00e1 em constante crescimento. Estamos sempre buscando novas parcerias! Ajude o nosso programa a crescer! Indique lojas,\u00a0servi\u00e7os e etc. Juntos construiremos um clube forte! O CNM SOMOS\u00a0TODOS N\u00d3S!!!!! Vantagens Exclusivas do CNM [\/vc_column_text][\/vc_column][\/vc_row][vc_row][vc_column width=&#8221;1\/2&#8243;][vc_single_image image=&#8221;1086&#8243; alignment=&#8221;center&#8221; onclick=&#8221;custom_link&#8221; img_link_target=&#8221;_blank&#8221; title=&#8221;Makalu Sports&#8221; link=&#8221;http:\/\/www.makalusports.com.br&#8221;][vc_column_text]Loja de material de montanhismo. Desconto a partir de 10% nas compras \u00e0\u00a0vista ou no cart\u00e3o de cr\u00e9dito nas lojas Makalu. Obrigat\u00f3ria a apresenta\u00e7\u00e3o da carteirinha. Endere\u00e7os: Rua Conde de Bonfim, 346, Loja 208, Tijuca, Rio de Janeiro Rua da Alf\u00e2ndega, 112, Centro, Rio de Janeiro[\/vc_column_text][\/vc_column][vc_column width=&#8221;1\/2&#8243;][vc_single_image image=&#8221;1090&#8243; alignment=&#8221;center&#8221; onclick=&#8221;custom_link&#8221; img_link_target=&#8221;_blank&#8221; title=&#8221;Adventura&#8221; link=&#8221;http:\/\/www.adventura.com.br&#8221;][vc_column_text]Loja de material de montanhismo. Desconto de 10% de desconto nas compras \u00e0\u00a0vista na Loja Adventura. Endere\u00e7o: Rua 13 de Maio, 47, Sobreloja 102, Centro, Rio de Janeiro.[\/vc_column_text][\/vc_column][\/vc_row][vc_row][vc_column width=&#8221;1\/2&#8243;][vc_gallery interval=&#8221;3&#8243; images=&#8221;29839&#8243;][\/vc_column][vc_column width=&#8221;1\/2&#8243;][\/vc_column][\/vc_row][vc_row][vc_column][vc_column_text] Vantagens FEMERJ Ao ser filiado a FEMERJ, o s\u00f3cios do CNM recebem o direito de usufruir das vantagens obtidas pela nossa Federa\u00e7\u00e3o. Abaixo seguem alguns exemplos de vantagens, mas a lista completa pode ser obtidas no seguinte link.[\/vc_column_text][\/vc_column][\/vc_row][vc_row][vc_column width=&#8221;1\/2&#8243;][vc_single_image image=&#8221;1088&#8243; alignment=&#8221;center&#8221; onclick=&#8221;custom_link&#8221; img_link_target=&#8221;_blank&#8221; title=&#8221;Ref\u00fagio Tr\u00eas Picos&#8221; link=&#8221;http:\/\/www.trespicos.com.br&#8221;][vc_column_text]Hospedagem para montanhista Desconto de 10% nos pernoites do Ref\u00fagio\u00a0Tr\u00eas Picos. www.facebook.com\/RefugioTresPicos www.trespicos.com.br[\/vc_column_text][\/vc_column][vc_column width=&#8221;1\/2&#8243;][vc_single_image image=&#8221;1085&#8243; alignment=&#8221;center&#8221; onclick=&#8221;custom_link&#8221; img_link_target=&#8221;_blank&#8221; title=&#8221;Camping Quinta da Barra&#8221; link=&#8221;http:\/\/www.campingquintadabarra.com.br&#8221;][vc_column_text]Hospedagem para montanhista. Desconto de 10% em dinheiro ou no cart\u00e3o de d\u00e9bito nas di\u00e1rias do Camping Quinta da Barra. Endere\u00e7o: Rua Ant\u00f4nio Maria, 100, Teres\u00f3polis \u2013 RJ (21) 2643-1050 \/ 9 9943-8392 (Eduardo Cardoso) www.campingquintadabarra.com.br[\/vc_column_text][\/vc_column][\/vc_row][vc_row][vc_column width=&#8221;1\/2&#8243;][vc_single_image image=&#8221;1083&#8243; alignment=&#8221;center&#8221; title=&#8221;Bondinho Morro da Urca&#8221;][vc_column_text]Acesso a montanha. Gratuidade na descida do Bondinho do P\u00e3o de A\u00e7\u00facar at\u00e9 a Praia Vermelha em qualquer hor\u00e1rio. Obrigat\u00f3ria a apresenta\u00e7\u00e3o da carteirinha.[\/vc_column_text][\/vc_column][vc_column width=&#8221;1\/2&#8243;][vc_single_image image=&#8221;1087&#8243; alignment=&#8221;center&#8221; onclick=&#8221;custom_link&#8221; img_link_target=&#8221;_blank&#8221; title=&#8221;Parque Nacional Serra dos \u00d3rg\u00e3os&#8221; link=&#8221;http:\/\/www.icmbio.gov.br\/parnaserradosorgaos\/&#8221;][vc_column_text]Acesso a parque nacional. 50% no primeiro dia da Taxa de Trilhas do Parque Nacional da Serra dos Org\u00e3os. Isen\u00e7\u00e3o de taxas para Guias do Clube cadastrados. Sete vagas permanentes nas \u00e1reas de camping do A\u00e7u e do Sino dispon\u00edveis para clubes do Rio. Verificar disponibilidade com a dire\u00e7\u00e3o do clube. Obrigat\u00f3ria a apresenta\u00e7\u00e3o da carteirinha nas portarias do parque.[\/vc_column_text][\/vc_column][\/vc_row]<\/p>\n","protected":false},"author":1,"featured_media":0,"parent":667,"menu_order":18,"comment_status":"closed","ping_status":"closed","template":"page-fullwidth.php","meta":{"_eb_attr":"","postBodyCss":"","postBodyMargin":[],"postBodyPadding":[],"postBodyBackground":{"backgroundType":"classic","gradient":""},"footnotes":""},"class_list":["post-671","page","type-page","status-publish","hentry"],"_links":{"self":[{"href":"https:\/\/www.niteroiense.org.br\/2025\/wp-json\/wp\/v2\/pages\/671","targetHints":{"allow":["GET"]}}],"collection":[{"href":"https:\/\/www.niteroiense.org.br\/2025\/wp-json\/wp\/v2\/pages"}],"about":[{"href":"https:\/\/www.niteroiense.org.br\/2025\/wp-json\/wp\/v2\/types\/page"}],"author":[{"embeddable":true,"href":"https:\/\/www.niteroiense.org.br\/2025\/wp-json\/wp\/v2\/users\/1"}],"replies":[{"embeddable":true,"href":"https:\/\/www.niteroiense.org.br\/2025\/wp-json\/wp\/v2\/comments?post=671"}],"version-history":[{"count":24,"href":"https:\/\/www.niteroiense.org.br\/2025\/wp-json\/wp\/v2\/pages\/671\/revisions"}],"predecessor-version":[{"id":29840,"href":"https:\/\/www.niteroiense.org.br\/2025\/wp-json\/wp\/v2\/pages\/671\/revisions\/29840"}],"up":[{"embeddable":true,"href":"https:\/\/www.niteroiense.org.br\/2025\/wp-json\/wp\/v2\/pages\/667"}],"wp:attachment":[{"href":"https:\/\/www.niteroiense.org.br\/2025\/wp-json\/wp\/v2\/media?parent=671"}],"curies":[{"name":"wp","href":"https:\/\/api.w.org\/{rel}","templated":true}]}}