{"id":32266,"date":"2025-02-18T15:06:51","date_gmt":"2025-02-18T18:06:51","guid":{"rendered":"https:\/\/www.niteroiense.org.br\/2025\/?page_id=32266"},"modified":"2025-11-17T19:56:38","modified_gmt":"2025-11-17T22:56:38","slug":"docs","status":"publish","type":"page","link":"https:\/\/www.niteroiense.org.br\/2025\/docs\/","title":{"rendered":"Documentos"},"content":{"rendered":"\t\t<div data-elementor-type=\"wp-page\" data-elementor-id=\"32266\" class=\"elementor elementor-32266\">\n\t\t\t\t<div class=\"aux-parallax-section elementor-element elementor-element-89858b0 e-flex e-con-boxed wpr-particle-no wpr-sticky-section-no e-con e-parent\" data-id=\"89858b0\" data-element_type=\"container\" data-e-type=\"container\">\n\t\t\t\t\t<div class=\"e-con-inner\">\n\t\t\t\t<div class=\"elementor-element elementor-element-69a3fc1 elementor-widget elementor-widget-spacer\" data-id=\"69a3fc1\" data-element_type=\"widget\" data-e-type=\"widget\" data-widget_type=\"spacer.default\">\n\t\t\t\t<div class=\"elementor-widget-container\">\n\t\t\t\t\t\t\t<div class=\"elementor-spacer\">\n\t\t\t<div class=\"elementor-spacer-inner\"><\/div>\n\t\t<\/div>\n\t\t\t\t\t\t<\/div>\n\t\t\t\t<\/div>\n\t\t\t\t<div class=\"elementor-element elementor-element-1ee9508 elementor-widget elementor-widget-heading\" data-id=\"1ee9508\" data-element_type=\"widget\" data-e-type=\"widget\" data-widget_type=\"heading.default\">\n\t\t\t\t<div class=\"elementor-widget-container\">\n\t\t\t\t\t<h2 class=\"elementor-heading-title elementor-size-default\">Documentos<\/h2>\t\t\t\t<\/div>\n\t\t\t\t<\/div>\n\t\t\t\t\t<\/div>\n\t\t\t\t<\/div>\n\t\t<div class=\"aux-parallax-section elementor-element elementor-element-ee01670 e-flex e-con-boxed wpr-particle-no wpr-sticky-section-no e-con e-parent\" data-id=\"ee01670\" data-element_type=\"container\" data-e-type=\"container\">\n\t\t\t\t\t<div class=\"e-con-inner\">\n\t\t\t\t<div class=\"elementor-element elementor-element-bac35c5 elementor-widget elementor-widget-image\" data-id=\"bac35c5\" data-element_type=\"widget\" data-e-type=\"widget\" data-widget_type=\"image.default\">\n\t\t\t\t<div class=\"elementor-widget-container\">\n\t\t\t\t\t\t\t\t\t\t\t\t\t\t\t<img decoding=\"async\" src=\"https:\/\/www.niteroiense.org.br\/2025\/wp-content\/uploads\/elementor\/thumbs\/link-01-r1cxxbwixdxmx6vy6mf5bfx3bma4i6mu4gz31c401o.png\" title=\"link-01\" alt=\"link-01\" loading=\"lazy\" \/>\t\t\t\t\t\t\t\t\t\t\t\t\t\t\t<\/div>\n\t\t\t\t<\/div>\n\t\t\t\t\t<\/div>\n\t\t\t\t<\/div>\n\t\t<div class=\"aux-parallax-section elementor-element elementor-element-2df98541 e-flex e-con-boxed wpr-particle-no wpr-sticky-section-no e-con e-parent\" data-id=\"2df98541\" data-element_type=\"container\" data-e-type=\"container\">\n\t\t\t\t\t<div class=\"e-con-inner\">\n\t\t\t\t<div class=\"elementor-element elementor-element-5a40e639 elementor-widget elementor-widget-text-editor\" data-id=\"5a40e639\" data-element_type=\"widget\" data-e-type=\"widget\" data-widget_type=\"text-editor.default\">\n\t\t\t\t<div class=\"elementor-widget-container\">\n\t\t\t\t\t\t\t\t\t<p>Designed by Freepik<\/p>\t\t\t\t\t\t\t\t<\/div>\n\t\t\t\t<\/div>\n\t\t\t\t\t<\/div>\n\t\t\t\t<\/div>\n\t\t<div class=\"aux-parallax-section elementor-element elementor-element-623712a e-flex e-con-boxed wpr-particle-no wpr-sticky-section-no e-con e-parent\" data-id=\"623712a\" data-element_type=\"container\" data-e-type=\"container\">\n\t\t\t\t\t<div class=\"e-con-inner\">\n\t\t\t\t<div class=\"elementor-element elementor-element-b4219da elementor-drop-cap-yes elementor-drop-cap-view-default elementor-widget elementor-widget-text-editor\" data-id=\"b4219da\" data-element_type=\"widget\" data-e-type=\"widget\" data-settings=\"{&quot;drop_cap&quot;:&quot;yes&quot;}\" data-widget_type=\"text-editor.default\">\n\t\t\t\t<div class=\"elementor-widget-container\">\n\t\t\t\t\t\t\t\t\t<p>Este \u00e9 um espa\u00e7o para manter dispon\u00edvel para consulta diversos documentos do clube, tanto os documentos hist\u00f3ricos, quantos aqueles utilizados atualmente para alguma finalidade.<\/p><h3><strong>&#8211; Diretoria T\u00e9cnica<\/strong><\/h3><p style=\"padding-left: 40px;\"><strong>Documentos ligados a organiza\u00e7\u00e3o e execu\u00e7\u00e3o das atividades t\u00e9cnicas do clube:<\/strong><\/p><ul><li style=\"list-style-type: none;\"><ul><li><a href=\"https:\/\/www.niteroiense.org.br\/2025\/wp-content\/uploads\/2017\/12\/resolucao-01-2017-diretoria-tecnica-e-cnt.doc\">Resolu\u00e7\u00e3o 01-2017 \u2013 Diretoria T\u00e9cnica e CNT<\/a><\/li><li><a href=\"https:\/\/www.niteroiense.org.br\/2025\/wp-content\/uploads\/2017\/12\/codigo-de-normas-tecnicas-do-cnm.doc\">C\u00f3digo de Normas T\u00e9cnicas do CNM<\/a><\/li><li><a href=\"https:\/\/www.niteroiense.org.br\/2025\/wp-content\/uploads\/2017\/12\/relatorio-de-atividades-cnm.doc\">Relat\u00f3rio de Atividades CNM<\/a><\/li><li><a href=\"https:\/\/www.niteroiense.org.br\/2025\/wp-content\/uploads\/2021\/04\/uso-de-protecoes-para-conquista-de-novas-vias.pdf\">Uso de Prote\u00e7\u00f5es para Conquista de Novas Vias<\/a><\/li><\/ul><\/li><\/ul><p style=\"padding-left: 40px;\"><strong>Pre-requisitos para forma\u00e7\u00e3o de guia do Clube:<\/strong><\/p><ul><li style=\"list-style-type: none;\"><ul><li><a href=\"https:\/\/www.niteroiense.org.br\/2025\/wp-content\/uploads\/2016\/10\/formacao-de-guias-do-clube-quadro-de-etapas.pdf\">Manual do Candidato<\/a><\/li><li><a href=\"https:\/\/www.niteroiense.org.br\/2025\/wp-content\/uploads\/2016\/10\/formacao-de-guias-do-clube-quadro-de-etapas.pdf\">Quadro de Etapas<\/a><\/li><\/ul><\/li><\/ul><h3><strong>&#8211; Demonstrativos Financeiros:<\/strong><\/h3><p style=\"padding-left: 40px;\"><strong>Relat\u00f3rios Anuais das Finan\u00e7as do Clube:<\/strong><\/p><ul><li style=\"list-style-type: none;\"><ul><li><a href=\"https:\/\/www.niteroiense.org.br\/wp-content\/uploads\/2016\/10\/Demonstrativo-Financeiro-CNM-2015.pdf\">Demonstra\u00e7\u00e3o de Resultado do Exerc\u00edcio CNM \u2013 2015<\/a><\/li><li><a href=\"https:\/\/www.niteroiense.org.br\/2025\/wp-content\/uploads\/2016\/10\/Demonstrativo-Financeiro-CNM-2014.pdf\">Demonstra\u00e7\u00e3o de Resultado do Exerc\u00edcio CNM \u2013 2014<\/a><\/li><li><a href=\"https:\/\/www.niteroiense.org.br\/wp-content\/uploads\/2016\/10\/Demonstrativo-Financeiro-CNM-2013.pdf\">Demonstra\u00e7\u00e3o de Resultado do Exerc\u00edcio CNM \u2013 2013<\/a><\/li><li><a href=\"https:\/\/www.niteroiense.org.br\/wp-content\/uploads\/2016\/10\/Demonstrativo-Financeiro-CNM-2012.pdf\">Demonstra\u00e7\u00e3o de Resultado do Exerc\u00edcio CNM \u2013 2012<\/a><\/li><li><a href=\"https:\/\/www.niteroiense.org.br\/wp-content\/uploads\/2016\/10\/Demonstrativo-Financeiro-CNM-2011.pdf\">Demonstra\u00e7\u00e3o de Resultado do Exerc\u00edcio CNM \u2013 2011<\/a><\/li><\/ul><\/li><\/ul><h3><strong>&#8211; Atas de Assembleias e Reuni\u00f5es:<\/strong><\/h3><h3><strong>&#8211; Of\u00edcios de Cart\u00f3rio:<\/strong><\/h3><h3><strong>&#8211; Funda\u00e7\u00e3o do CNM:<\/strong><\/h3><ul><li style=\"list-style-type: none;\"><ul><li><a href=\"https:\/\/www.niteroiense.org.br\/wp-content\/uploads\/2016\/10\/IMG_20161018_114538-628x800.jpg\">Vota\u00e7\u00e3o do nome do clube<\/a><\/li><li><a href=\"https:\/\/www.niteroiense.org.br\/wp-content\/uploads\/2016\/10\/IMG_20161018_114504.jpg\">Convite da primeira reuni\u00e3o<\/a><\/li><\/ul><\/li><\/ul>\t\t\t\t\t\t\t\t<\/div>\n\t\t\t\t<\/div>\n\t\t\t\t\t<\/div>\n\t\t\t\t<\/div>\n\t\t\t\t<\/div>\n\t\t\n    <div class=\"xs_social_share_widget xs_share_url after_content \t\tmain_content  wslu-style-1 wslu-share-box-shaped wslu-fill-colored wslu-none wslu-share-horizontal wslu-theme-font-no wslu-main_content\">\n\n\t\t\n        <ul>\n\t\t\t        <\/ul>\n    <\/div> \n","protected":false},"excerpt":{"rendered":"<p>Documentos Designed by Freepik Este \u00e9 um espa\u00e7o para manter dispon\u00edvel para consulta diversos documentos do clube, tanto os documentos hist\u00f3ricos, quantos aqueles utilizados atualmente para alguma finalidade. &#8211; Diretoria T\u00e9cnica Documentos ligados a organiza\u00e7\u00e3o e execu\u00e7\u00e3o das atividades t\u00e9cnicas do clube: Resolu\u00e7\u00e3o 01-2017 \u2013 Diretoria T\u00e9cnica e CNT C\u00f3digo de Normas T\u00e9cnicas do CNM Relat\u00f3rio de Atividades CNM Uso de Prote\u00e7\u00f5es para Conquista de Novas Vias Pre-requisitos para forma\u00e7\u00e3o de guia do Clube: Manual do Candidato Quadro de Etapas &#8211; Demonstrativos Financeiros: Relat\u00f3rios Anuais das Finan\u00e7as do Clube: Demonstra\u00e7\u00e3o de Resultado do Exerc\u00edcio CNM \u2013 2015 Demonstra\u00e7\u00e3o de Resultado do Exerc\u00edcio CNM \u2013 2014 Demonstra\u00e7\u00e3o de Resultado do Exerc\u00edcio CNM \u2013 2013 Demonstra\u00e7\u00e3o de Resultado do Exerc\u00edcio CNM \u2013 2012 Demonstra\u00e7\u00e3o de Resultado do Exerc\u00edcio CNM \u2013 2011 &#8211; Atas de Assembleias e Reuni\u00f5es: &#8211; Of\u00edcios de Cart\u00f3rio: &#8211; Funda\u00e7\u00e3o do CNM: Vota\u00e7\u00e3o do nome do clube Convite da primeira reuni\u00e3o<\/p>\n","protected":false},"author":696,"featured_media":0,"parent":0,"menu_order":0,"comment_status":"closed","ping_status":"closed","template":"","meta":{"_eb_attr":"","postBodyCss":"","postBodyMargin":[],"postBodyPadding":[],"postBodyBackground":{"backgroundType":"classic","gradient":""},"footnotes":""},"class_list":["post-32266","page","type-page","status-publish","hentry"],"_links":{"self":[{"href":"https:\/\/www.niteroiense.org.br\/2025\/wp-json\/wp\/v2\/pages\/32266","targetHints":{"allow":["GET"]}}],"collection":[{"href":"https:\/\/www.niteroiense.org.br\/2025\/wp-json\/wp\/v2\/pages"}],"about":[{"href":"https:\/\/www.niteroiense.org.br\/2025\/wp-json\/wp\/v2\/types\/page"}],"author":[{"embeddable":true,"href":"https:\/\/www.niteroiense.org.br\/2025\/wp-json\/wp\/v2\/users\/696"}],"replies":[{"embeddable":true,"href":"https:\/\/www.niteroiense.org.br\/2025\/wp-json\/wp\/v2\/comments?post=32266"}],"version-history":[{"count":16,"href":"https:\/\/www.niteroiense.org.br\/2025\/wp-json\/wp\/v2\/pages\/32266\/revisions"}],"predecessor-version":[{"id":34044,"href":"https:\/\/www.niteroiense.org.br\/2025\/wp-json\/wp\/v2\/pages\/32266\/revisions\/34044"}],"wp:attachment":[{"href":"https:\/\/www.niteroiense.org.br\/2025\/wp-json\/wp\/v2\/media?parent=32266"}],"curies":[{"name":"wp","href":"https:\/\/api.w.org\/{rel}","templated":true}]}}