{"id":32131,"date":"2025-02-17T23:28:59","date_gmt":"2025-02-18T02:28:59","guid":{"rendered":"https:\/\/www.niteroiense.org.br\/2025\/?page_id=32131"},"modified":"2025-02-23T15:28:23","modified_gmt":"2025-02-23T18:28:23","slug":"croquiteca-2","status":"publish","type":"page","link":"https:\/\/www.niteroiense.org.br\/2025\/croquiteca-2\/","title":{"rendered":"Croquiteca"},"content":{"rendered":"\t\t<div data-elementor-type=\"wp-page\" data-elementor-id=\"32131\" class=\"elementor elementor-32131\">\n\t\t\t\t<div class=\"aux-parallax-section elementor-element elementor-element-89858b0 e-flex e-con-boxed wpr-particle-no wpr-sticky-section-no e-con e-parent\" data-id=\"89858b0\" data-element_type=\"container\" data-e-type=\"container\">\n\t\t\t\t\t<div class=\"e-con-inner\">\n\t\t\t\t<div class=\"elementor-element elementor-element-1ee9508 elementor-widget elementor-widget-heading\" data-id=\"1ee9508\" data-element_type=\"widget\" data-e-type=\"widget\" data-widget_type=\"heading.default\">\n\t\t\t\t<div class=\"elementor-widget-container\">\n\t\t\t\t\t<h2 class=\"elementor-heading-title elementor-size-default\">Croquiteca<\/h2>\t\t\t\t<\/div>\n\t\t\t\t<\/div>\n\t\t\t\t\t<\/div>\n\t\t\t\t<\/div>\n\t\t<div class=\"aux-parallax-section elementor-element elementor-element-ee01670 e-flex e-con-boxed wpr-particle-no wpr-sticky-section-no e-con e-parent\" data-id=\"ee01670\" data-element_type=\"container\" data-e-type=\"container\">\n\t\t\t\t\t<div class=\"e-con-inner\">\n\t\t\t\t<div class=\"elementor-element elementor-element-bac35c5 elementor-widget elementor-widget-image\" data-id=\"bac35c5\" data-element_type=\"widget\" data-e-type=\"widget\" data-widget_type=\"image.default\">\n\t\t\t\t<div class=\"elementor-widget-container\">\n\t\t\t\t\t\t\t\t\t\t\t\t\t\t\t<img decoding=\"async\" src=\"https:\/\/www.niteroiense.org.br\/2025\/wp-content\/uploads\/elementor\/thumbs\/link-07-r1xw8yw3qzyff5t2bsovdt7klzlfgymxoeijuk6b0c.png\" title=\"link-07\" alt=\"link-07\" loading=\"lazy\" \/>\t\t\t\t\t\t\t\t\t\t\t\t\t\t\t<\/div>\n\t\t\t\t<\/div>\n\t\t\t\t\t<\/div>\n\t\t\t\t<\/div>\n\t\t<div class=\"aux-parallax-section elementor-element elementor-element-b294d3a e-flex e-con-boxed wpr-particle-no wpr-sticky-section-no e-con e-parent\" data-id=\"b294d3a\" data-element_type=\"container\" data-e-type=\"container\">\n\t\t\t\t\t<div class=\"e-con-inner\">\n\t\t\t\t<div class=\"elementor-element elementor-element-fb87ae3 elementor-widget elementor-widget-text-editor\" data-id=\"fb87ae3\" data-element_type=\"widget\" data-e-type=\"widget\" data-widget_type=\"text-editor.default\">\n\t\t\t\t<div class=\"elementor-widget-container\">\n\t\t\t\t\t\t\t\t\t<p>Designed by Freepik<\/p>\t\t\t\t\t\t\t\t<\/div>\n\t\t\t\t<\/div>\n\t\t\t\t\t<\/div>\n\t\t\t\t<\/div>\n\t\t<div class=\"aux-parallax-section elementor-element elementor-element-15f8dee e-flex e-con-boxed wpr-particle-no wpr-sticky-section-no e-con e-parent\" data-id=\"15f8dee\" data-element_type=\"container\" data-e-type=\"container\">\n\t\t\t\t\t<div class=\"e-con-inner\">\n\t\t\t\t<div class=\"elementor-element elementor-element-dec9105 elementor-widget elementor-widget-html\" data-id=\"dec9105\" data-element_type=\"widget\" data-e-type=\"widget\" data-widget_type=\"html.default\">\n\t\t\t\t<div class=\"elementor-widget-container\">\n\t\t\t\t\t\n<table id=\"tablepress-8\" class=\"tablepress tablepress-id-8\">\n<thead>\n<tr class=\"row-1\">\n\t<th class=\"column-1\">Via<\/th><th class=\"column-2\">Gradua\u00e7\u00e3o<\/th><th class=\"column-3\">Conquistadores<\/th><th class=\"column-4\">Ano de Conquista<\/th><th class=\"column-5\">Montanha<\/th><th class=\"column-6\">Cidade<\/th><th class=\"column-7\">Estado<\/th>\n<\/tr>\n<\/thead>\n<tbody class=\"row-striping row-hover\">\n<tr class=\"row-2\">\n\t<td class=\"column-1\"><a href=\"http:\/\/www.globo.com\">Bernardo Collares Arantes<\/a><\/td><td class=\"column-2\">5\u00ba VI E3 D2<\/td><td class=\"column-3\">Michel Cipolatti, S\u00e9rgio Magalh\u00e3es, Juratan C\u00e2mara e H\u00e9lida Rodrigues<\/td><td class=\"column-4\">2020<\/td><td class=\"column-5\">Pedra de Ino\u00e3<\/td><td class=\"column-6\">Maric\u00e1<\/td><td class=\"column-7\">RJ<\/td>\n<\/tr>\n<tr class=\"row-3\">\n\t<td class=\"column-1\">Bruno Silva<\/td><td class=\"column-2\">2\u00ba III E2 D1 175m<\/td><td class=\"column-3\">Leandro do Carmo, Ary Carlos, Leonardo Carmo e Alfredo Castinheiras<\/td><td class=\"column-4\">2013<\/td><td class=\"column-5\">Vale da Serrinha - PESET<\/td><td class=\"column-6\">Niter\u00f3i<\/td><td class=\"column-7\">RJ<\/td>\n<\/tr>\n<tr class=\"row-4\">\n\t<td class=\"column-1\">Carlos Boechat<\/td><td class=\"column-2\">4\u00ba V Sup E2<\/td><td class=\"column-3\">Michel Cipolatti<\/td><td class=\"column-4\">2021<\/td><td class=\"column-5\">Morro das Andorinhas<\/td><td class=\"column-6\">Niter\u00f3i<\/td><td class=\"column-7\">RJ<\/td>\n<\/tr>\n<tr class=\"row-5\">\n\t<td class=\"column-1\">Chang Wei<\/td><td class=\"column-2\">2\u00ba III E3 D2 425m<\/td><td class=\"column-3\">Claudney Neves, Bernardo Monteiro e Jo\u00e3o Paulo Seixas<\/td><td class=\"column-4\">2008<\/td><td class=\"column-5\">Morro do Tucum<\/td><td class=\"column-6\">Niter\u00f3i<\/td><td class=\"column-7\">RJ<\/td>\n<\/tr>\n<tr class=\"row-6\">\n\t<td class=\"column-1\">CNM 15<\/td><td class=\"column-2\">2\u00ba IIIsup E1\/E2 D1 205m<\/td><td class=\"column-3\">Marcelo Correa, Leandro do Carmo, Luis Avellar, Eny Hertz, Ivison Rubim<\/td><td class=\"column-4\">2020<\/td><td class=\"column-5\">Setor Vale da Serrinha<\/td><td class=\"column-6\">Niter\u00f3i<\/td><td class=\"column-7\">RJ<\/td>\n<\/tr>\n<tr class=\"row-7\">\n\t<td class=\"column-1\">Conex\u00e3o Guerrilheira<\/td><td class=\"column-2\">2\u00ba II E3 D1<\/td><td class=\"column-3\">L\u00e9o Nobre Porto e Marcos Souto<\/td><td class=\"column-4\">2008<\/td><td class=\"column-5\">Morro das Andorinhas<\/td><td class=\"column-6\">Niter\u00f3i<\/td><td class=\"column-7\">RJ<\/td>\n<\/tr>\n<tr class=\"row-8\">\n\t<td class=\"column-1\">Cora\u00e7\u00e3o Valente<\/td><td class=\"column-2\">Vsup E1\/E2 30 m<\/td><td class=\"column-3\">Luis Avellar, Leandro do Carmo e Marcelo Correa<\/td><td class=\"column-4\">2021<\/td><td class=\"column-5\">Setor Vale da Serrinha<\/td><td class=\"column-6\">Niter\u00f3i<\/td><td class=\"column-7\">RJ<\/td>\n<\/tr>\n<tr class=\"row-9\">\n\t<td class=\"column-1\">De Olho nas Vizinhas<\/td><td class=\"column-2\">3\u00ba IVsup E2 D2 250m<\/td><td class=\"column-3\">Leandro do Carmos e Ary Carlos<\/td><td class=\"column-4\">2014<\/td><td class=\"column-5\">Setor Vale da Serrinha<\/td><td class=\"column-6\">Niter\u00f3i<\/td><td class=\"column-7\">RJ<\/td>\n<\/tr>\n<tr class=\"row-10\">\n\t<td class=\"column-1\">Dois Dias de Sol<\/td><td class=\"column-2\">3\u00ba IIIsup E1\/E2 D1 170m<\/td><td class=\"column-3\">Marcelo Correa, Leandro do Carmo, Luis Avellar e Marcos Lima<\/td><td class=\"column-4\">2020<\/td><td class=\"column-5\">Setor Vale da Serrinha<\/td><td class=\"column-6\">Niter\u00f3i<\/td><td class=\"column-7\">RJ<\/td>\n<\/tr>\n<tr class=\"row-11\">\n\t<td class=\"column-1\">Escolinha do Professor Luis<\/td><td class=\"column-2\">III Sup E2 D1 40m<\/td><td class=\"column-3\">Daniel Candiotto, Leticia Lopes, Luis Avellar, Marcos Lima e Waldino Santos<\/td><td class=\"column-4\">2023<\/td><td class=\"column-5\">Parede do Tibau<\/td><td class=\"column-6\">Niter\u00f3i<\/td><td class=\"column-7\">RJ<\/td>\n<\/tr>\n<tr class=\"row-12\">\n\t<td class=\"column-1\">Falar \u00e9 f\u00e1cil<\/td><td class=\"column-2\">VIIa E1\/E2 30m<\/td><td class=\"column-3\">Leandro do Carmo, Marcelo Correa e Luis Avellar<\/td><td class=\"column-4\">2021<\/td><td class=\"column-5\">Setor Vale da Serrinha<\/td><td class=\"column-6\">Niter\u00f3i<\/td><td class=\"column-7\">RJ<\/td>\n<\/tr>\n<tr class=\"row-13\">\n\t<td class=\"column-1\">Fal\u00e9sia do Mal Caminho<\/td><td class=\"column-2\">Diversos<\/td><td class=\"column-3\">Diversos<\/td><td class=\"column-4\">Diversos<\/td><td class=\"column-5\">Bairro Peixoto<\/td><td class=\"column-6\">Niter\u00f3i<\/td><td class=\"column-7\">RJ<\/td>\n<\/tr>\n<tr class=\"row-14\">\n\t<td class=\"column-1\">Fenda Anal<\/td><td class=\"column-2\">4\u00ba VIsup E2<\/td><td class=\"column-3\">Philipe Campelo, Leonardo Aranha, Nicolas Crapez<\/td><td class=\"column-4\"><\/td><td class=\"column-5\">Morro do Tel\u00e9grafo<\/td><td class=\"column-6\">Niter\u00f3i<\/td><td class=\"column-7\">RJ<\/td>\n<\/tr>\n<tr class=\"row-15\">\n\t<td class=\"column-1\">Fissura dos Gavi\u00f5es<\/td><td class=\"column-2\">V E2 25m<\/td><td class=\"column-3\">Marcelo Lavoier<\/td><td class=\"column-4\"><\/td><td class=\"column-5\">Morro do Tel\u00e9grafo<\/td><td class=\"column-6\">Niter\u00f3i<\/td><td class=\"column-7\">RJ<\/td>\n<\/tr>\n<tr class=\"row-16\">\n\t<td class=\"column-1\">Gaia Vive<\/td><td class=\"column-2\">V Vsup E2 D2 350 m<\/td><td class=\"column-3\">Alexandre Langer, Gabriel O. Carvalho, Jo\u00e3o Neuhaus, Jos\u00e9 Gabriel Barcellos, Vinicius Coutinho<\/td><td class=\"column-4\">2021<\/td><td class=\"column-5\">Alto do Gaia<\/td><td class=\"column-6\">S\u00e3o Gon\u00e7alo<\/td><td class=\"column-7\">RJ<\/td>\n<\/tr>\n<tr class=\"row-17\">\n\t<td class=\"column-1\">Golpe do Cart\u00e3o<\/td><td class=\"column-2\">2\u00ba III E2 D1 105 metros<\/td><td class=\"column-3\">Leandro do Carmo, Leonardo Carmo, Marcelo S\u00e1 e Eny Hertz<\/td><td class=\"column-4\">2014<\/td><td class=\"column-5\">Setor Vale da Serrinha<\/td><td class=\"column-6\">Niter\u00f3i<\/td><td class=\"column-7\">RJ<\/td>\n<\/tr>\n<tr class=\"row-18\">\n\t<td class=\"column-1\">Guela Seca<\/td><td class=\"column-2\">3 IIIsup E1\/E2 D1 150m<\/td><td class=\"column-3\">Ary Carlos, Leonardo Carmo e Ivison Rubim<\/td><td class=\"column-4\">2020<\/td><td class=\"column-5\">Setor Vale da Serrinha<\/td><td class=\"column-6\">Niter\u00f3i<\/td><td class=\"column-7\">RJ<\/td>\n<\/tr>\n<tr class=\"row-19\">\n\t<td class=\"column-1\">Guerrilha Mental<\/td><td class=\"column-2\">5\u00ba V (A1\/Vsup) E3 D2<\/td><td class=\"column-3\">L\u00e9o Nobre Porto e Marcos Souto<\/td><td class=\"column-4\">2008<\/td><td class=\"column-5\">Morro das Andorinhas<\/td><td class=\"column-6\">Niter\u00f3i<\/td><td class=\"column-7\">RJ<\/td>\n<\/tr>\n<tr class=\"row-20\">\n\t<td class=\"column-1\">Mari do Metr\u00f4<\/td><td class=\"column-2\">3\u00ba IV E2 D1 - 185m<\/td><td class=\"column-3\">Pedro Bugim e Laura Petroni<\/td><td class=\"column-4\">2022<\/td><td class=\"column-5\">Morro do Morcego<\/td><td class=\"column-6\">Niter\u00f3i<\/td><td class=\"column-7\">RJ<\/td>\n<\/tr>\n<tr class=\"row-21\">\n\t<td class=\"column-1\">M\u00e1rio Mota J\u00fanior<\/td><td class=\"column-2\">2\u00b0 IIsup E2 D1 195m<\/td><td class=\"column-3\">Juratan C\u00e2mara. Mauricio Mota e Coronel Walter<\/td><td class=\"column-4\">2013<\/td><td class=\"column-5\">Morro do Tucum<\/td><td class=\"column-6\">Niter\u00f3i<\/td><td class=\"column-7\">RJ<\/td>\n<\/tr>\n<tr class=\"row-22\">\n\t<td class=\"column-1\">Mist\u00e9rios do Arranha Gato<\/td><td class=\"column-2\">3\u00ba V E1\/E2 D1 140m<\/td><td class=\"column-3\">Marcelo Correa, Luis Avellar e Leandro do Carmo<\/td><td class=\"column-4\">2020<\/td><td class=\"column-5\">Setor Vale da Serrinha<\/td><td class=\"column-6\">Niter\u00f3i<\/td><td class=\"column-7\">RJ<\/td>\n<\/tr>\n<tr class=\"row-23\">\n\t<td class=\"column-1\">Moby Dick<\/td><td class=\"column-2\">3\u00ba IV E1 D1 - 205m<\/td><td class=\"column-3\">Theot\u00f4nio da Silva Concei\u00e7\u00e3o, Elenita C. Soares, Silvia Noronha, Guilherme, Marcelo Chagas, M\u00e1rcia Valeria, Hernande Carlo, B\u00e1rbara Silva e Cristina Alencar<\/td><td class=\"column-4\">2005<\/td><td class=\"column-5\">Morro do Morcego<\/td><td class=\"column-6\">Niter\u00f3i<\/td><td class=\"column-7\">RJ<\/td>\n<\/tr>\n<tr class=\"row-24\">\n\t<td class=\"column-1\">Morcego Nervoso<\/td><td class=\"column-2\">3\u00ba VI E3 D1 190m<\/td><td class=\"column-3\">Leo Nobre Porto e Marcos Souto<\/td><td class=\"column-4\">2008<\/td><td class=\"column-5\">Morro do Morcego<\/td><td class=\"column-6\">Niter\u00f3i<\/td><td class=\"column-7\">RJ<\/td>\n<\/tr>\n<tr class=\"row-25\">\n\t<td class=\"column-1\">Pared\u00e3o Alan Marra<\/td><td class=\"column-2\">3\u00ba A0(IV+) E2 D2 300m<\/td><td class=\"column-3\">Leandro Pestana, Mauro Mello<\/td><td class=\"column-4\">2007<\/td><td class=\"column-5\">Morro do Tucum<\/td><td class=\"column-6\">Niter\u00f3i<\/td><td class=\"column-7\">RJ<\/td>\n<\/tr>\n<tr class=\"row-26\">\n\t<td class=\"column-1\">Pared\u00e3o Uma M\u00e3o Lava a Outra<\/td><td class=\"column-2\">4\u00b0 V E2 D1<\/td><td class=\"column-3\">Leo Nobre (CNM) e Leandro Pestana (CNM)<\/td><td class=\"column-4\">2006<\/td><td class=\"column-5\">Morro do Tucum (Cost\u00e3o de Itacoatiara)<\/td><td class=\"column-6\">Niter\u00f3i<\/td><td class=\"column-7\">RJ<\/td>\n<\/tr>\n<tr class=\"row-27\">\n\t<td class=\"column-1\">Pr. Ino\u00e3<\/td><td class=\"column-2\">5\u00ba Vsup E2\/E3 D3 460m<\/td><td class=\"column-3\">Michel Cipolatti, Luis Avellar, Zo\u00e9 Caveari, Juratan C\u00e2mara, Leandro do Carmo<\/td><td class=\"column-4\">2022<\/td><td class=\"column-5\">Pedra de Ino\u00e3<\/td><td class=\"column-6\">Maric\u00e1<\/td><td class=\"column-7\">RJ<\/td>\n<\/tr>\n<tr class=\"row-28\">\n\t<td class=\"column-1\">Se Der Mole o Mar Engole<\/td><td class=\"column-2\">4\u00ba IVsup E4 D2 400m<\/td><td class=\"column-3\">L\u00e9o Nobre e Demis Sbroglia<\/td><td class=\"column-4\">2012<\/td><td class=\"column-5\">Morro do Tucum<\/td><td class=\"column-6\">Niter\u00f3i<\/td><td class=\"column-7\">RJ<\/td>\n<\/tr>\n<\/tbody>\n<\/table>\n<!-- #tablepress-8 from cache -->\t\t\t\t<\/div>\n\t\t\t\t<\/div>\n\t\t\t\t\t<\/div>\n\t\t\t\t<\/div>\n\t\t\t\t<\/div>\n\t\t\n    <div class=\"xs_social_share_widget xs_share_url after_content \t\tmain_content  wslu-style-1 wslu-share-box-shaped wslu-fill-colored wslu-none wslu-share-horizontal wslu-theme-font-no wslu-main_content\">\n\n\t\t\n        <ul>\n\t\t\t        <\/ul>\n    <\/div> \n","protected":false},"excerpt":{"rendered":"<p>Croquiteca Designed by Freepik<\/p>\n","protected":false},"author":696,"featured_media":0,"parent":0,"menu_order":0,"comment_status":"closed","ping_status":"closed","template":"elementor_theme","meta":{"_eb_attr":"","postBodyCss":"","postBodyMargin":[],"postBodyPadding":[],"postBodyBackground":{"backgroundType":"classic","gradient":""},"footnotes":""},"class_list":["post-32131","page","type-page","status-publish","hentry"],"_links":{"self":[{"href":"https:\/\/www.niteroiense.org.br\/2025\/wp-json\/wp\/v2\/pages\/32131","targetHints":{"allow":["GET"]}}],"collection":[{"href":"https:\/\/www.niteroiense.org.br\/2025\/wp-json\/wp\/v2\/pages"}],"about":[{"href":"https:\/\/www.niteroiense.org.br\/2025\/wp-json\/wp\/v2\/types\/page"}],"author":[{"embeddable":true,"href":"https:\/\/www.niteroiense.org.br\/2025\/wp-json\/wp\/v2\/users\/696"}],"replies":[{"embeddable":true,"href":"https:\/\/www.niteroiense.org.br\/2025\/wp-json\/wp\/v2\/comments?post=32131"}],"version-history":[{"count":43,"href":"https:\/\/www.niteroiense.org.br\/2025\/wp-json\/wp\/v2\/pages\/32131\/revisions"}],"predecessor-version":[{"id":32364,"href":"https:\/\/www.niteroiense.org.br\/2025\/wp-json\/wp\/v2\/pages\/32131\/revisions\/32364"}],"wp:attachment":[{"href":"https:\/\/www.niteroiense.org.br\/2025\/wp-json\/wp\/v2\/media?parent=32131"}],"curies":[{"name":"wp","href":"https:\/\/api.w.org\/{rel}","templated":true}]}}